{"id":1331,"date":"2017-04-29T12:11:21","date_gmt":"2017-04-29T10:11:21","guid":{"rendered":"https:\/\/www.corporezaragoza.com\/profesionales\/"},"modified":"2025-02-14T12:00:03","modified_gmt":"2025-02-14T11:00:03","slug":"professionals","status":"publish","type":"page","link":"https:\/\/www.corporezaragoza.com\/en\/professionals\/","title":{"rendered":"Professionals"},"content":{"rendered":"<div class=\"wpb-content-wrapper\"><p>[vc_row el_class=&#8221;fila_profesi&#8221;][vc_column width=&#8221;1\/3&#8243;]<div class=\"ult-team-member-wrap ult-style-1  \"><div class=\"ult-team-member-image\" style=\"\"> <img decoding=\"async\" class=\"ult-team-grayscale\" src=\"https:\/\/www.corporezaragoza.com\/wp-content\/uploads\/2024\/03\/Andrea.webp\" alt=\"null\"  style=\"\"><span class=\"ult-team-member-image-overlay \"  ><\/span><\/div><div class=\"ult-team-member-bio-wrap style-1 ultimate-heading69fea63e4e063\" style=\"text-align:center;; \"><div class=\"ult-team-member-name-wrap\"><h2 class=\"ult-team-member-name ult-responsive\"  data-ultimate-target='.ult-team-member-bio-wrap.ultimate-heading69fea63e4e063 .ult-team-member-name'  data-responsive-json-new='{\"font-size\":\"\",\"line-height\":\"\"}'  style=\"\">Andrea Riera Ferrer<\/h2><div class=\"ult-team-member-position ult-responsive\"  data-ultimate-target='.ult-team-member-bio-wrap.ultimate-heading69fea63e4e063 .ult-team-member-position'  data-responsive-json-new='{\"font-size\":\"\",\"line-height\":\"\"}'  style=\"\">Physiotherapy<\/div><div class=\"ult-team-member-description ult-responsive\"  data-ultimate-target='.ult-team-member-bio-wrap.ultimate-heading69fea63e4e063 .ult-team-member-description'  data-responsive-json-new='{\"font-size\":\"\",\"line-height\":\"\"}'  style=\"\"><p>Col. num. <span style=\"font-weight: 400;\">Physiotherapy<\/span>: A-1459<\/p><\/div><div style=\"margin-bottom:15px\"><\/div><\/div><\/div><\/div>[vc_accordion active_tab=&#8221;false&#8221; title_size=&#8221;normal&#8221;][vc_accordion_tab title=&#8221;CV&#8221;][vc_column_text css=&#8221;&#8221;]<\/p>\n<p style=\"text-align: center;\"><strong>Grado de fisioterapia<\/strong><br \/>\nUniversidad Rovira i Virgili (2013-2017)<\/p>\n<p style=\"text-align: center;\"><strong>Punci\u00f3n seca<\/strong><br \/>\nCOFIB (2018)<\/p>\n<p style=\"text-align: center;\"><strong>Terapia del movimiento inducido por restricci\u00f3n y terapia intensiva bimanual<\/strong><br \/>\nCOFIB (2018)<\/p>\n<p style=\"text-align: center;\"><strong>An\u00e1lisis y tratamiento biomec\u00e1nico de las lesiones en la carrera y la marcha a pie<\/strong><br \/>\nRunning Therapy Center (2018)<\/p>\n<p style=\"text-align: center;\"><strong>Fibr\u00f3lisis instrumental miofascial &#8211; Ganchos<\/strong><br \/>\n(2018)<\/p>\n<p style=\"text-align: center;\"><strong>M\u00e1ster universitario en Fisioterapia infantil<br \/>\n<\/strong>Universidad Ram\u00f3n Llull &#8211; Blanquerna (2018 &#8211; 2019)<\/p>\n<p style=\"text-align: center;\"><strong>Fisioterapia anal\u00edtica de la columna lumbar basada en el concepto Sohier<\/strong><br \/>\nCOFIB (2019)<\/p>\n<p style=\"text-align: center;\"><strong>Ecograf\u00eda m\u00fasculo esquel\u00e9tica y del sistema nervioso perif\u00e9rico para fisioterapeutas<\/strong><br \/>\nFisioform (2020)<\/p>\n<p style=\"text-align: center;\"><strong>Punci\u00f3n seca y electropunci\u00f3n aplicado a patolog\u00eda cl\u00ednica<\/strong><br \/>\nFisioform (2020)<\/p>\n<p style=\"text-align: center;\"><strong>Valoraci\u00f3n y tratamiento de la ATM: disfunci\u00f3n craneomandibular<\/strong><br \/>\nFisiofocus (2023)<\/p>\n<p>[\/vc_column_text][\/vc_accordion_tab][\/vc_accordion][\/vc_column][vc_column width=&#8221;1\/3&#8243;]<div class=\"ult-team-member-wrap ult-style-1  \"><div class=\"ult-team-member-image\" style=\"\"> <img decoding=\"async\" class=\"ult-team-grayscale\" src=\"https:\/\/www.corporezaragoza.com\/wp-content\/uploads\/2024\/08\/SARA-NEW-1.webp\" alt=\"null\"  style=\"\"><span class=\"ult-team-member-image-overlay \"  ><\/span><\/div><div class=\"ult-team-member-bio-wrap style-1 ultimate-heading69fea63e4e337\" style=\"text-align:center;; \"><div class=\"ult-team-member-name-wrap\"><h2 class=\"ult-team-member-name ult-responsive\"  data-ultimate-target='.ult-team-member-bio-wrap.ultimate-heading69fea63e4e337 .ult-team-member-name'  data-responsive-json-new='{\"font-size\":\"\",\"line-height\":\"\"}'  style=\"\">Sara Hern\u00e1ndez Ramas<\/h2><div class=\"ult-team-member-position ult-responsive\"  data-ultimate-target='.ult-team-member-bio-wrap.ultimate-heading69fea63e4e337 .ult-team-member-position'  data-responsive-json-new='{\"font-size\":\"\",\"line-height\":\"\"}'  style=\"\">Psychology<\/div><div class=\"ult-team-member-description ult-responsive\"  data-ultimate-target='.ult-team-member-bio-wrap.ultimate-heading69fea63e4e337 .ult-team-member-description'  data-responsive-json-new='{\"font-size\":\"\",\"line-height\":\"\"}'  style=\"\"><p>Col. num. <span style=\"font-weight: 400;\">Psychology: A-2797<\/span><\/p><\/div><div style=\"margin-bottom:15px\"><\/div><\/div><\/div><\/div>[vc_accordion active_tab=&#8221;false&#8221; title_size=&#8221;normal&#8221;][vc_accordion_tab title=&#8221;CV&#8221;][vc_column_text]<\/p>\n<p style=\"text-align: center;\"><strong>Licenciada en Psicolog\u00eda Cl\u00ednica<\/strong><br \/>\nUniversidad Complutense de Madrid (2004 \u2013 2009)<\/p>\n<p style=\"text-align: center;\"><b>Monitora de educaci\u00f3n afectivo sexual<\/b><br \/>\nSex pol (2007 \u2013 2008)<\/p>\n<p style=\"text-align: center;\"><b>Experto en terapia sexual y de pareja<\/b><br \/>\nSex pol (2007 \u2013 2009)<\/p>\n<p style=\"text-align: center;\"><b>M\u00e1ster en terapia individual y de grupo<\/b><br \/>\nRogers y Gestalt (2009 \u2013 2011)<\/p>\n<p style=\"text-align: center;\"><b>Trainer en Brainspotting (reprocesamiento cerebral trauma)<\/b><br \/>\n(2011)<\/p>\n<p style=\"text-align: center;\"><b>Gestora de formaci\u00f3n<\/b><br \/>\nFormatik (2012)<\/p>\n<p style=\"text-align: center;\"><b>Capacitaci\u00f3n profesional 1. Bioneuroemoci\u00f3n (psicosom\u00e1tica)<\/b><br \/>\n(2014)<\/p>\n<p style=\"text-align: center;\"><b>Capacitaci\u00f3n profesional 2. Bioneuroemoci\u00f3n (hipn\u00f3sis y PNL)<\/b><br \/>\n(2014)<\/p>\n<p style=\"text-align: center;\"><b>Formaci\u00f3n en Dap, suplementaci\u00f3n y nutrici\u00f3n cerebral<\/b><br \/>\nLab. Ysonut (2014 \u2013 2017)<\/p>\n<p style=\"text-align: center;\"><b>Formaci\u00f3n en Dap y suplementaci\u00f3n<\/b><br \/>\nLab. Therascience (2014 \u2013 2017)<\/p>\n<p style=\"text-align: center;\"><b>Curso psiconutrici\u00f3n cl\u00ednica para profesionales<\/b><br \/>\nNorte Salud (2017)<\/p>\n<p>[\/vc_column_text][\/vc_accordion_tab][\/vc_accordion][\/vc_column][vc_column width=&#8221;1\/3&#8243;]<div class=\"ult-team-member-wrap ult-style-1  \"><div class=\"ult-team-member-image\" style=\"\"> <img decoding=\"async\" class=\"ult-team-grayscale\" src=\"https:\/\/www.corporezaragoza.com\/wp-content\/uploads\/2024\/03\/Irene.webp\" alt=\"null\"  style=\"\"><span class=\"ult-team-member-image-overlay \"  ><\/span><\/div><div class=\"ult-team-member-bio-wrap style-1 ultimate-heading69fea63e4e593\" style=\"text-align:center;; \"><div class=\"ult-team-member-name-wrap\"><h2 class=\"ult-team-member-name ult-responsive\"  data-ultimate-target='.ult-team-member-bio-wrap.ultimate-heading69fea63e4e593 .ult-team-member-name'  data-responsive-json-new='{\"font-size\":\"\",\"line-height\":\"\"}'  style=\"\">Irene Fern\u00e1ndez Carrillo<\/h2><div class=\"ult-team-member-position ult-responsive\"  data-ultimate-target='.ult-team-member-bio-wrap.ultimate-heading69fea63e4e593 .ult-team-member-position'  data-responsive-json-new='{\"font-size\":\"\",\"line-height\":\"\"}'  style=\"\">Podiatry<\/div><div class=\"ult-team-member-description ult-responsive\"  data-ultimate-target='.ult-team-member-bio-wrap.ultimate-heading69fea63e4e593 .ult-team-member-description'  data-responsive-json-new='{\"font-size\":\"\",\"line-height\":\"\"}'  style=\"\"><p>Col. num. <span style=\"font-weight: 400;\">Podiatry<\/span>: A-277<\/p><\/div><div style=\"margin-bottom:15px\"><\/div><\/div><\/div><\/div>[vc_accordion active_tab=&#8221;false&#8221; title_size=&#8221;normal&#8221;][vc_accordion_tab title=&#8221;CV&#8221;][vc_column_text]<\/p>\n<p style=\"text-align: center;\"><strong>Diplomado en Podolog\u00eda<\/strong><br \/>\nUniversidad Complutense de Madrid (2017-2021)<\/p>\n<p style=\"text-align: center;\"><strong>Experto universitario en biomec\u00e1nica y ortopedia de la extremidad inferior en la actividad f\u00edsica<\/strong><br \/>\nUniversidad Complutense de Madrid (2021-2022)<\/p>\n<p style=\"text-align: center;\"><strong>M\u00e1ster en Podolog\u00eda deportiva<\/strong><br \/>\nWAPS-Word Academy of Podiatric Science (2022)<\/p>\n<p style=\"text-align: center;\"><strong>M\u00e1ster oficial en investigaci\u00f3n en Podolog\u00eda<\/strong><br \/>\nUniversidad Rey Juan Carlos de Madrid (Actualmente)<\/p>\n<p>[\/vc_column_text][\/vc_accordion_tab][\/vc_accordion][\/vc_column][\/vc_row][vc_row el_class=&#8221;fila_profesi&#8221;][vc_column width=&#8221;1\/3&#8243;]<div class=\"ult-team-member-wrap ult-style-1  \"><div class=\"ult-team-member-image\" style=\"\"> <img decoding=\"async\" class=\"ult-team-grayscale\" src=\"https:\/\/www.corporezaragoza.com\/wp-content\/uploads\/2024\/08\/ANA.webp\" alt=\"null\"  style=\"\"><span class=\"ult-team-member-image-overlay \"  ><\/span><\/div><div class=\"ult-team-member-bio-wrap style-1 ultimate-heading69fea63e4e7e1\" style=\"text-align:center;; \"><div class=\"ult-team-member-name-wrap\"><h2 class=\"ult-team-member-name ult-responsive\"  data-ultimate-target='.ult-team-member-bio-wrap.ultimate-heading69fea63e4e7e1 .ult-team-member-name'  data-responsive-json-new='{\"font-size\":\"\",\"line-height\":\"\"}'  style=\"\">Ana Mil\u00e1n Navarro<\/h2><div class=\"ult-team-member-position ult-responsive\"  data-ultimate-target='.ult-team-member-bio-wrap.ultimate-heading69fea63e4e7e1 .ult-team-member-position'  data-responsive-json-new='{\"font-size\":\"\",\"line-height\":\"\"}'  style=\"\">Physiotherapy<\/div><div class=\"ult-team-member-description ult-responsive\"  data-ultimate-target='.ult-team-member-bio-wrap.ultimate-heading69fea63e4e7e1 .ult-team-member-description'  data-responsive-json-new='{\"font-size\":\"\",\"line-height\":\"\"}'  style=\"\"><p>Col. num. <span style=\"font-weight: 400;\">Physiotherapy<\/span>: A-2426<\/p><\/div><div style=\"margin-bottom:15px\"><\/div><\/div><\/div><\/div>[vc_accordion active_tab=&#8221;false&#8221; title_size=&#8221;normal&#8221;][vc_accordion_tab title=&#8221;CV&#8221;][vc_column_text css=&#8221;&#8221;]<\/p>\n<p style=\"text-align: center;\"><strong>Grado en Fisioterapia<\/strong><br \/>\nUniversidad de San Jorge (2018-2022)<\/p>\n<p style=\"text-align: center;\"><strong>Curso en introducci\u00f3n al Suelo P\u00e9lvico<\/strong><br \/>\nFisio online (2023)<\/p>\n<p style=\"text-align: center;\"><strong>M\u00e1ster en Fisioterapia Manual del Aparato Locomotor<\/strong><br \/>\nUniversidad Alcal\u00e1 de Henares (2022-2024)<\/p>\n<p>[\/vc_column_text][\/vc_accordion_tab][\/vc_accordion][\/vc_column][vc_column width=&#8221;1\/3&#8243;]<div class=\"ult-team-member-wrap ult-style-1  \"><div class=\"ult-team-member-image\" style=\"\"> <img decoding=\"async\" class=\"ult-team-grayscale\" src=\"https:\/\/www.corporezaragoza.com\/wp-content\/uploads\/2022\/11\/logo-manos.jpg\" alt=\"podologia actur\"  style=\"\"><span class=\"ult-team-member-image-overlay \"  ><\/span><\/div><div class=\"ult-team-member-bio-wrap style-1 ultimate-heading69fea63e4ea81\" style=\"text-align:center;; \"><div class=\"ult-team-member-name-wrap\"><h2 class=\"ult-team-member-name ult-responsive\"  data-ultimate-target='.ult-team-member-bio-wrap.ultimate-heading69fea63e4ea81 .ult-team-member-name'  data-responsive-json-new='{\"font-size\":\"\",\"line-height\":\"\"}'  style=\"\">Paula \u00c1lvarez Garc\u00eda<\/h2><div class=\"ult-team-member-position ult-responsive\"  data-ultimate-target='.ult-team-member-bio-wrap.ultimate-heading69fea63e4ea81 .ult-team-member-position'  data-responsive-json-new='{\"font-size\":\"\",\"line-height\":\"\"}'  style=\"\">Physiotherapy<\/div><div class=\"ult-team-member-description ult-responsive\"  data-ultimate-target='.ult-team-member-bio-wrap.ultimate-heading69fea63e4ea81 .ult-team-member-description'  data-responsive-json-new='{\"font-size\":\"\",\"line-height\":\"\"}'  style=\"\"><p>Col. num. Physiotherapy: 4702 Castilla y Le\u00f3n<\/p><\/div><div style=\"margin-bottom:15px\"><\/div><\/div><\/div><\/div>[vc_accordion active_tab=&#8221;false&#8221; title_size=&#8221;normal&#8221;][vc_accordion_tab title=&#8221;CV&#8221;][vc_column_text css=&#8221;&#8221;]<\/p>\n<p style=\"text-align: center;\"><strong>Grado en Fisioterapia<\/strong><br \/>\nUniversidad de Valladolid (2020-2024)<\/p>\n<p style=\"text-align: center;\"><strong>M\u00e1ster en Terapia Manual Ortop\u00e9dica<\/strong><br \/>\nUniversidad de Zaragoza (2024-actualmente)<\/p>\n<p>[\/vc_column_text][\/vc_accordion_tab][\/vc_accordion][\/vc_column][vc_column width=&#8221;1\/3&#8243;]<div class=\"ult-team-member-wrap ult-style-1  \"><div class=\"ult-team-member-image\" style=\"\"> <img decoding=\"async\" class=\"ult-team-grayscale\" src=\"https:\/\/www.corporezaragoza.com\/wp-content\/uploads\/2024\/08\/CARLOS.webp\" alt=\"null\"  style=\"\"><span class=\"ult-team-member-image-overlay \"  ><\/span><\/div><div class=\"ult-team-member-bio-wrap style-1 ultimate-heading69fea63e4ec9b\" style=\"text-align:center;; \"><div class=\"ult-team-member-name-wrap\"><h2 class=\"ult-team-member-name ult-responsive\"  data-ultimate-target='.ult-team-member-bio-wrap.ultimate-heading69fea63e4ec9b .ult-team-member-name'  data-responsive-json-new='{\"font-size\":\"\",\"line-height\":\"\"}'  style=\"\">Carlos Parra Soto<\/h2><div class=\"ult-team-member-position ult-responsive\"  data-ultimate-target='.ult-team-member-bio-wrap.ultimate-heading69fea63e4ec9b .ult-team-member-position'  data-responsive-json-new='{\"font-size\":\"\",\"line-height\":\"\"}'  style=\"\">Rehabilitation physician<\/div><div class=\"ult-team-member-description ult-responsive\"  data-ultimate-target='.ult-team-member-bio-wrap.ultimate-heading69fea63e4ec9b .ult-team-member-description'  data-responsive-json-new='{\"font-size\":\"\",\"line-height\":\"\"}'  style=\"\"><p>Col. num. <span style=\"font-weight: 400;\">Medicine: 504505699<\/span><\/p><\/div><div style=\"margin-bottom:15px\"><\/div><\/div><\/div><\/div>[\/vc_column][\/vc_row][vc_row el_class=&#8221;fila_profesi&#8221;][vc_column width=&#8221;1\/3&#8243;]<div class=\"ult-team-member-wrap ult-style-1  \"><div class=\"ult-team-member-image\" style=\"\"> <img decoding=\"async\" class=\"ult-team-grayscale\" src=\"https:\/\/www.corporezaragoza.com\/wp-content\/uploads\/2024\/10\/BEA.webp\" alt=\"null\"  style=\"\"><span class=\"ult-team-member-image-overlay \"  ><\/span><\/div><div class=\"ult-team-member-bio-wrap style-1 ultimate-heading69fea63e4ef81\" style=\"text-align:center;; \"><div class=\"ult-team-member-name-wrap\"><h2 class=\"ult-team-member-name ult-responsive\"  data-ultimate-target='.ult-team-member-bio-wrap.ultimate-heading69fea63e4ef81 .ult-team-member-name'  data-responsive-json-new='{\"font-size\":\"\",\"line-height\":\"\"}'  style=\"\">Beatriz Blasco Saz<\/h2><div class=\"ult-team-member-position ult-responsive\"  data-ultimate-target='.ult-team-member-bio-wrap.ultimate-heading69fea63e4ef81 .ult-team-member-position'  data-responsive-json-new='{\"font-size\":\"\",\"line-height\":\"\"}'  style=\"\">Clinical Assistant<\/div><div style=\"margin-bottom:15px\"><\/div><\/div><\/div><\/div>[\/vc_column][vc_column width=&#8221;1\/3&#8243;]<div class=\"ult-team-member-wrap ult-style-1  \"><div class=\"ult-team-member-image\" style=\"\"> <img decoding=\"async\" class=\"ult-team-grayscale\" src=\"https:\/\/www.corporezaragoza.com\/wp-content\/uploads\/2022\/11\/logo-manos.jpg\" alt=\"podologia actur\"  style=\"\"><span class=\"ult-team-member-image-overlay \"  ><\/span><\/div><div class=\"ult-team-member-bio-wrap style-1 ultimate-heading69fea63e4f01a\" style=\"text-align:center;; \"><div class=\"ult-team-member-name-wrap\"><h2 class=\"ult-team-member-name ult-responsive\"  data-ultimate-target='.ult-team-member-bio-wrap.ultimate-heading69fea63e4f01a .ult-team-member-name'  data-responsive-json-new='{\"font-size\":\"\",\"line-height\":\"\"}'  style=\"\">Rosa Maria Gracia Charlez<\/h2><div class=\"ult-team-member-position ult-responsive\"  data-ultimate-target='.ult-team-member-bio-wrap.ultimate-heading69fea63e4f01a .ult-team-member-position'  data-responsive-json-new='{\"font-size\":\"\",\"line-height\":\"\"}'  style=\"\">Clinical Assistant<\/div><div style=\"margin-bottom:15px\"><\/div><\/div><\/div><\/div>[\/vc_column][vc_column width=&#8221;1\/3&#8243;]<div class=\"ult-team-member-wrap ult-style-1  \"><div class=\"ult-team-member-image\" style=\"\"> <img decoding=\"async\" class=\"ult-team-grayscale\" src=\"https:\/\/www.corporezaragoza.com\/wp-content\/uploads\/2022\/11\/logo-manos.jpg\" alt=\"podologia actur\"  style=\"\"><span class=\"ult-team-member-image-overlay \"  ><\/span><\/div><div class=\"ult-team-member-bio-wrap style-1 ultimate-heading69fea63e4f0a1\" style=\"text-align:center;; \"><div class=\"ult-team-member-name-wrap\"><h2 class=\"ult-team-member-name ult-responsive\"  data-ultimate-target='.ult-team-member-bio-wrap.ultimate-heading69fea63e4f0a1 .ult-team-member-name'  data-responsive-json-new='{\"font-size\":\"\",\"line-height\":\"\"}'  style=\"\">Carlos Gracia Laguna<\/h2><div class=\"ult-team-member-position ult-responsive\"  data-ultimate-target='.ult-team-member-bio-wrap.ultimate-heading69fea63e4f0a1 .ult-team-member-position'  data-responsive-json-new='{\"font-size\":\"\",\"line-height\":\"\"}'  style=\"\">Nutrition<\/div><div class=\"ult-team-member-description ult-responsive\"  data-ultimate-target='.ult-team-member-bio-wrap.ultimate-heading69fea63e4f0a1 .ult-team-member-description'  data-responsive-json-new='{\"font-size\":\"\",\"line-height\":\"\"}'  style=\"\"><p>Col. num. Nutrition: A-00313<\/p><\/div><div style=\"margin-bottom:15px\"><\/div><\/div><\/div><\/div>[vc_accordion active_tab=&#8221;false&#8221; title_size=&#8221;normal&#8221;][vc_accordion_tab title=&#8221;CV&#8221;][vc_column_text css=&#8221;&#8221;]<\/p>\n<p style=\"text-align: center;\"><strong>Grado en Nutrici\u00f3n Humana y Diet\u00e9tica con Diplomatura en Nutrici\u00f3n Deportiva<\/strong><br \/>\nUniversidad de Navarra (2014-2018)<\/p>\n<p style=\"text-align: center;\"><strong>M\u00e1ster Europea en Alimentaci\u00f3n, Nutrici\u00f3n y Metabolismo<\/strong><br \/>\nUniversidad de Navarra (2018-2019)<\/p>\n<p style=\"text-align: center;\"><strong>Curso en Habilitades Culinarias para la Educaci\u00f3n Alimentaria<\/strong><br \/>\n(2020)<\/p>\n<p style=\"text-align: center;\"><strong>M\u00e1ster\u00a0<\/strong><b>universitario en Trastornos del Comportamiento Alimentario y Obesidad<\/b><\/p>\n<p style=\"text-align: center;\">Trabajo fin de m\u00e1ster: Protocolo de intervenci\u00f3n nutricional para perfil de anorexia nerviosa en adolescentes.<br \/>\nUniversidad Europea de Madrid (2021-2022)<\/p>\n<p style=\"text-align: center;\"><strong>Curso Experto en patolog\u00edas Digestivas<\/strong><br \/>\n(2021)<\/p>\n<p style=\"text-align: center;\"><strong>Curso Experto en Psiconutrici\u00f3n<\/strong><br \/>\n(2023)<\/p>\n<p style=\"text-align: center;\"><strong>Actualizaci\u00f3n en alimentaci\u00f3n intuitiva y gordofobia<\/strong><br \/>\nFernanda Cervantes (2023)<\/p>\n<p style=\"text-align: center;\"><strong>Formaci\u00f3n en entrevista motivacional<\/strong><br \/>\nNorte Salud (2024)<\/p>\n<p>[\/vc_column_text][\/vc_accordion_tab][\/vc_accordion][\/vc_column][\/vc_row]<\/p>\n<\/div>","protected":false},"excerpt":{"rendered":"<p>[vc_row el_class=&#8221;fila_profesi&#8221;][vc_column width=&#8221;1\/3&#8243;][vc_accordion active_tab=&#8221;false&#8221; title_size=&#8221;normal&#8221;][vc_accordion_tab title=&#8221;CV&#8221;][vc_column_text css=&#8221;&#8221;] Grado de fisioterapia Universidad Rovira i Virgili (2013-2017) Punci\u00f3n seca COFIB (2018) Terapia del movimiento inducido por restricci\u00f3n y terapia intensiva bimanual COFIB (2018) An\u00e1lisis y tratamiento biomec\u00e1nico de las lesiones en la carrera y la marcha a pie Running Therapy Center (2018) Fibr\u00f3lisis instrumental miofascial &#8211; Ganchos&hellip;<\/p>\n","protected":false},"author":1,"featured_media":0,"parent":0,"menu_order":0,"comment_status":"closed","ping_status":"closed","template":"","meta":{"footnotes":""},"class_list":["post-1331","page","type-page","status-publish","hentry","description-off"],"yoast_head":"<!-- This site is optimized with the Yoast SEO plugin v27.5 - https:\/\/yoast.com\/product\/yoast-seo-wordpress\/ -->\n<title>Professionals - Corpore Zaragoza<\/title>\n<meta name=\"robots\" content=\"index, follow, max-snippet:-1, max-image-preview:large, max-video-preview:-1\" \/>\n<link rel=\"canonical\" href=\"https:\/\/www.corporezaragoza.com\/en\/professionals\/\" \/>\n<meta property=\"og:locale\" content=\"en_US\" \/>\n<meta property=\"og:type\" content=\"article\" \/>\n<meta property=\"og:title\" content=\"Professionals - Corpore Zaragoza\" \/>\n<meta property=\"og:description\" content=\"[vc_row el_class=&#8221;fila_profesi&#8221;][vc_column width=&#8221;1\/3&#8243;][vc_accordion active_tab=&#8221;false&#8221; title_size=&#8221;normal&#8221;][vc_accordion_tab title=&#8221;CV&#8221;][vc_column_text css=&#8221;&#8221;] Grado de fisioterapia Universidad Rovira i Virgili (2013-2017) Punci\u00f3n seca COFIB (2018) Terapia del movimiento inducido por restricci\u00f3n y terapia intensiva bimanual COFIB (2018) An\u00e1lisis y tratamiento biomec\u00e1nico de las lesiones en la carrera y la marcha a pie Running Therapy Center (2018) Fibr\u00f3lisis instrumental miofascial &#8211; Ganchos&hellip;\" \/>\n<meta property=\"og:url\" content=\"https:\/\/www.corporezaragoza.com\/en\/professionals\/\" \/>\n<meta property=\"og:site_name\" content=\"Corpore Zaragoza\" \/>\n<meta property=\"article:modified_time\" content=\"2025-02-14T11:00:03+00:00\" \/>\n<meta name=\"twitter:card\" content=\"summary_large_image\" \/>\n<meta name=\"twitter:label1\" content=\"Est. reading time\" \/>\n\t<meta name=\"twitter:data1\" content=\"3 minutes\" \/>\n<script type=\"application\/ld+json\" class=\"yoast-schema-graph\">{\"@context\":\"https:\\\/\\\/schema.org\",\"@graph\":[{\"@type\":\"WebPage\",\"@id\":\"https:\\\/\\\/www.corporezaragoza.com\\\/en\\\/professionals\\\/\",\"url\":\"https:\\\/\\\/www.corporezaragoza.com\\\/en\\\/professionals\\\/\",\"name\":\"Professionals - Corpore Zaragoza\",\"isPartOf\":{\"@id\":\"https:\\\/\\\/www.corporezaragoza.com\\\/#website\"},\"datePublished\":\"2017-04-29T10:11:21+00:00\",\"dateModified\":\"2025-02-14T11:00:03+00:00\",\"breadcrumb\":{\"@id\":\"https:\\\/\\\/www.corporezaragoza.com\\\/en\\\/professionals\\\/#breadcrumb\"},\"inLanguage\":\"en-US\",\"potentialAction\":[{\"@type\":\"ReadAction\",\"target\":[\"https:\\\/\\\/www.corporezaragoza.com\\\/en\\\/professionals\\\/\"]}]},{\"@type\":\"BreadcrumbList\",\"@id\":\"https:\\\/\\\/www.corporezaragoza.com\\\/en\\\/professionals\\\/#breadcrumb\",\"itemListElement\":[{\"@type\":\"ListItem\",\"position\":1,\"name\":\"Portada\",\"item\":\"https:\\\/\\\/www.corporezaragoza.com\\\/en\\\/\"},{\"@type\":\"ListItem\",\"position\":2,\"name\":\"Professionals\"}]},{\"@type\":\"WebSite\",\"@id\":\"https:\\\/\\\/www.corporezaragoza.com\\\/#website\",\"url\":\"https:\\\/\\\/www.corporezaragoza.com\\\/\",\"name\":\"Corpore Zaragoza\",\"description\":\"\",\"potentialAction\":[{\"@type\":\"SearchAction\",\"target\":{\"@type\":\"EntryPoint\",\"urlTemplate\":\"https:\\\/\\\/www.corporezaragoza.com\\\/?s={search_term_string}\"},\"query-input\":{\"@type\":\"PropertyValueSpecification\",\"valueRequired\":true,\"valueName\":\"search_term_string\"}}],\"inLanguage\":\"en-US\"}]}<\/script>\n<!-- \/ Yoast SEO plugin. -->","yoast_head_json":{"title":"Professionals - Corpore Zaragoza","robots":{"index":"index","follow":"follow","max-snippet":"max-snippet:-1","max-image-preview":"max-image-preview:large","max-video-preview":"max-video-preview:-1"},"canonical":"https:\/\/www.corporezaragoza.com\/en\/professionals\/","og_locale":"en_US","og_type":"article","og_title":"Professionals - Corpore Zaragoza","og_description":"[vc_row el_class=&#8221;fila_profesi&#8221;][vc_column width=&#8221;1\/3&#8243;][vc_accordion active_tab=&#8221;false&#8221; title_size=&#8221;normal&#8221;][vc_accordion_tab title=&#8221;CV&#8221;][vc_column_text css=&#8221;&#8221;] Grado de fisioterapia Universidad Rovira i Virgili (2013-2017) Punci\u00f3n seca COFIB (2018) Terapia del movimiento inducido por restricci\u00f3n y terapia intensiva bimanual COFIB (2018) An\u00e1lisis y tratamiento biomec\u00e1nico de las lesiones en la carrera y la marcha a pie Running Therapy Center (2018) Fibr\u00f3lisis instrumental miofascial &#8211; Ganchos&hellip;","og_url":"https:\/\/www.corporezaragoza.com\/en\/professionals\/","og_site_name":"Corpore Zaragoza","article_modified_time":"2025-02-14T11:00:03+00:00","twitter_card":"summary_large_image","twitter_misc":{"Est. reading time":"3 minutes"},"schema":{"@context":"https:\/\/schema.org","@graph":[{"@type":"WebPage","@id":"https:\/\/www.corporezaragoza.com\/en\/professionals\/","url":"https:\/\/www.corporezaragoza.com\/en\/professionals\/","name":"Professionals - Corpore Zaragoza","isPartOf":{"@id":"https:\/\/www.corporezaragoza.com\/#website"},"datePublished":"2017-04-29T10:11:21+00:00","dateModified":"2025-02-14T11:00:03+00:00","breadcrumb":{"@id":"https:\/\/www.corporezaragoza.com\/en\/professionals\/#breadcrumb"},"inLanguage":"en-US","potentialAction":[{"@type":"ReadAction","target":["https:\/\/www.corporezaragoza.com\/en\/professionals\/"]}]},{"@type":"BreadcrumbList","@id":"https:\/\/www.corporezaragoza.com\/en\/professionals\/#breadcrumb","itemListElement":[{"@type":"ListItem","position":1,"name":"Portada","item":"https:\/\/www.corporezaragoza.com\/en\/"},{"@type":"ListItem","position":2,"name":"Professionals"}]},{"@type":"WebSite","@id":"https:\/\/www.corporezaragoza.com\/#website","url":"https:\/\/www.corporezaragoza.com\/","name":"Corpore Zaragoza","description":"","potentialAction":[{"@type":"SearchAction","target":{"@type":"EntryPoint","urlTemplate":"https:\/\/www.corporezaragoza.com\/?s={search_term_string}"},"query-input":{"@type":"PropertyValueSpecification","valueRequired":true,"valueName":"search_term_string"}}],"inLanguage":"en-US"}]}},"_links":{"self":[{"href":"https:\/\/www.corporezaragoza.com\/en\/wp-json\/wp\/v2\/pages\/1331","targetHints":{"allow":["GET"]}}],"collection":[{"href":"https:\/\/www.corporezaragoza.com\/en\/wp-json\/wp\/v2\/pages"}],"about":[{"href":"https:\/\/www.corporezaragoza.com\/en\/wp-json\/wp\/v2\/types\/page"}],"author":[{"embeddable":true,"href":"https:\/\/www.corporezaragoza.com\/en\/wp-json\/wp\/v2\/users\/1"}],"replies":[{"embeddable":true,"href":"https:\/\/www.corporezaragoza.com\/en\/wp-json\/wp\/v2\/comments?post=1331"}],"version-history":[{"count":5,"href":"https:\/\/www.corporezaragoza.com\/en\/wp-json\/wp\/v2\/pages\/1331\/revisions"}],"predecessor-version":[{"id":4744,"href":"https:\/\/www.corporezaragoza.com\/en\/wp-json\/wp\/v2\/pages\/1331\/revisions\/4744"}],"wp:attachment":[{"href":"https:\/\/www.corporezaragoza.com\/en\/wp-json\/wp\/v2\/media?parent=1331"}],"curies":[{"name":"wp","href":"https:\/\/api.w.org\/{rel}","templated":true}]}}