{"id":3758,"date":"2017-04-29T12:16:53","date_gmt":"2017-04-29T10:16:53","guid":{"rendered":"https:\/\/www.corporezaragoza.com\/psicologia\/"},"modified":"2025-02-14T16:23:09","modified_gmt":"2025-02-14T15:23:09","slug":"psicologia","status":"publish","type":"page","link":"https:\/\/www.corporezaragoza.com\/en\/psicologia\/","title":{"rendered":"Psychology"},"content":{"rendered":"<div class=\"wpb-content-wrapper\"><p>[vc_row type=&#8221;vc_default&#8221; full_width=&#8221;stretch_row_content&#8221; equal_height=&#8221;yes&#8221;][vc_column width=&#8221;1\/2&#8243; css=&#8221;.vc_custom_1514205036335{padding-top: 10% !important;padding-right: 5% !important;padding-bottom: 15% !important;padding-left: 15% !important;}&#8221;][vc_column_text css=&#8221;&#8221; el_class=&#8221;h1&#8243;]<\/p>\n<h1><span style=\"color: #008574;\">Psichology<\/span><\/h1>\n<p>[\/vc_column_text][vc_column_text css=&#8221;.vc_custom_1739546109790{padding-top: 40px !important;padding-right: 40px !important;padding-bottom: 40px !important;}&#8221;]<\/p>\n<p class=\"p1\">The psychology service offers a space for understanding, a place to get to know oneself better and understand what is happening. It provides guidance to navigate such an uncertain, intangible area as emotions or the mind.<\/p>\n<p class=\"p1\">Improvement is achieved through greater well-being with oneself and with others, which is accomplished through self-awareness, behavioral changes, and a shift in attitude toward life.<\/p>\n<p class=\"p1\">The duration of the psychotherapy process varies from a few sessions in simpler cases to over a year for individuals with more complex issues. Some people, after completing their process and resolving the issue they initially sought therapy for, continue to have occasional maintenance sessions whenever they feel the need to revisit what their minds tend to forget or when something new arises that they want to address within the therapeutic relationship.<\/p>\n<p>[\/vc_column_text][\/vc_column][vc_column width=&#8221;1\/2&#8243; css=&#8221;.vc_custom_1665596107074{padding-top: 20% !important;padding-right: 20% !important;padding-bottom: 20% !important;padding-left: 20% !important;background-image: url(https:\/\/www.corporezaragoza.com\/wp-content\/uploads\/2022\/10\/Sara2.png?id=3697) !important;background-position: center !important;background-repeat: no-repeat !important;background-size: cover !important;}&#8221;][vc_empty_space height=&#8221;100px&#8221;][\/vc_column][\/vc_row][vc_row type=&#8221;vc_default&#8221; full_width=&#8221;stretch_row&#8221; css=&#8221;.vc_custom_1503062265624{padding-top: 100px !important;padding-bottom: 100px !important;background-color: #fafafa !important;}&#8221;][vc_column]<div id=\"ultimate-heading-4986a04b64a59994\" class=\"uvc-heading ult-adjust-bottom-margin ultimate-heading-4986a04b64a59994 uvc-9866 tit_v\" data-hspacer=\"no_spacer\"  data-halign=\"center\" style=\"text-align:center\"><div class=\"uvc-heading-spacer no_spacer\" style=\"top\"><\/div><div class=\"uvc-main-heading ult-responsive\"  data-ultimate-target='.uvc-heading.ultimate-heading-4986a04b64a59994 h2'  data-responsive-json-new='{\"font-size\":\"desktop:48px;\",\"line-height\":\"\"}' ><h2 style=\"--font-weight:theme;color:#008574;margin-bottom:50px;\">SPECIALTIES<\/h2><\/div><\/div>[vc_row_inner][vc_column_inner]<div class=\"aio-icon-component    style_1\"><div id=\"Info-box-wrap-8968\" class=\"aio-icon-box left-icon\" style=\"\"  ><div class=\"aio-icon-left\"><div class=\"ult-just-icon-wrapper  \"><div class=\"align-icon\" style=\"text-align:center;\">\n<div class=\"aio-icon none \"  style=\"color:#333;font-size:32px;display:inline-block;\">\n\t<i class=\"Defaults-circle\"><\/i>\n<\/div><\/div><\/div><\/div><div class=\"aio-ibd-block\"><div class=\"aio-icon-header\" ><h3 class=\"aio-icon-title ult-responsive\"  data-ultimate-target='#Info-box-wrap-8968 .aio-icon-title'  data-responsive-json-new='{\"font-size\":\"\",\"line-height\":\"\"}'  style=\"\">Clinical Psychotherapy<\/h3><\/div> <!-- header --><div class=\"aio-icon-description ult-responsive\"  data-ultimate-target='#Info-box-wrap-8968 .aio-icon-description'  data-responsive-json-new='{\"font-size\":\"\",\"line-height\":\"\"}'  style=\"\"><\/p>\n<p class=\"p1\"><em>\u201cEach person is their own adventure\u201d<\/em><\/p>\n<p class=\"p3\">You are programmed to survive, not to be happy.<\/p>\n<p class=\"p3\">Therapy helps individuals deeply understand themselves, recognize how their mind works specifically, and learn how to balance it. It offers alternative perspectives for managing oneself with autonomy, thereby providing the strength to stand on their own feet and organize their thoughts.<\/p>\n<p class=\"p3\">The most common issues addressed in therapy include: anxiety, depression, trauma, grief, abuse, low self-esteem, lack of communication skills (e.g., not knowing how to say \u201cno\u201d), management of impulsivity and anger, frustration management, chronic pain and\/or illness management, family conflicts, obsessive thoughts, poor thought management, inability to enjoy life, lack of meaning, eating disorders and body image complexes, and addictions.<\/p>\n<p><\/div> <!-- description --><\/div> <!-- aio-ibd-block --><\/div> <!-- aio-icon-box --><\/div> <!-- aio-icon-component --><div class=\"aio-icon-component    style_1\"><div id=\"Info-box-wrap-5869\" class=\"aio-icon-box left-icon\" style=\"\"  ><div class=\"aio-icon-left\"><div class=\"ult-just-icon-wrapper  \"><div class=\"align-icon\" style=\"text-align:center;\">\n<div class=\"aio-icon none \"  style=\"color:#333;font-size:32px;display:inline-block;\">\n\t<i class=\"Defaults-circle\"><\/i>\n<\/div><\/div><\/div><\/div><div class=\"aio-ibd-block\"><div class=\"aio-icon-header\" ><h3 class=\"aio-icon-title ult-responsive\"  data-ultimate-target='#Info-box-wrap-5869 .aio-icon-title'  data-responsive-json-new='{\"font-size\":\"\",\"line-height\":\"\"}'  style=\"\">Psychonutrition<\/h3><\/div> <!-- header --><div class=\"aio-icon-description ult-responsive\"  data-ultimate-target='#Info-box-wrap-5869 .aio-icon-description'  data-responsive-json-new='{\"font-size\":\"\",\"line-height\":\"\"}'  style=\"\"><\/p>\n<p class=\"p1\"><em>\u201cBehind what you eat, there\u2019s more than you think\u201d<\/em><\/p>\n<p class=\"p3\">How we nourish ourselves in life is a reflection of how we nourish ourselves at the table, and vice versa.<\/p>\n<p class=\"p3\">Our relationship with food is deeply linked to our emotions. Often, we\u2019re not hungry in our stomachs, but in our hearts, and we may overeat when what we truly need is emotional comfort.<\/p>\n<p class=\"p3\">What does the psychology of eating help with?<\/p>\n<ul>\n<li class=\"p4\">Achieving a healthy body composition without becoming obsessed with the process or fearing weight regain.<\/li>\n<li class=\"p4\">Managing anxiety around food and emotional hunger.<\/li>\n<li class=\"p4\">Breaking habits that make it hard to stick to a medical plan.<\/li>\n<li class=\"p4\">Establishing and maintaining healthier routines.<\/li>\n<li class=\"p4\">Overcoming obesity.<\/li>\n<li class=\"p4\">Resolving the conflict between wanting a good body composition and dealing with laziness, self-sabotage, or lack of willpower to achieve it.<\/li>\n<li class=\"p4\">Losing weight and maintaining it long-term.<\/li>\n<li class=\"p4\">Creating habits that support your ability to follow a medical or dietary plan.<\/li>\n<li class=\"p4\">Changing routines to adopt healthier ones that move you in the right direction.<\/li>\n<li class=\"p4\">Managing emotional eating and other eating disorders.<\/li>\n<li class=\"p4\">Balancing your physical and emotional well-being.<\/li>\n<\/ul>\n<p><\/div> <!-- description --><\/div> <!-- aio-ibd-block --><\/div> <!-- aio-icon-box --><\/div> <!-- aio-icon-component --><div class=\"aio-icon-component    style_1\"><div id=\"Info-box-wrap-1831\" class=\"aio-icon-box left-icon\" style=\"\"  ><div class=\"aio-icon-left\"><div class=\"ult-just-icon-wrapper  \"><div class=\"align-icon\" style=\"text-align:center;\">\n<div class=\"aio-icon none \"  style=\"color:#333;font-size:32px;display:inline-block;\">\n\t<i class=\"Defaults-circle\"><\/i>\n<\/div><\/div><\/div><\/div><div class=\"aio-ibd-block\"><div class=\"aio-icon-header\" ><h3 class=\"aio-icon-title ult-responsive\"  data-ultimate-target='#Info-box-wrap-1831 .aio-icon-title'  data-responsive-json-new='{\"font-size\":\"\",\"line-height\":\"\"}'  style=\"\">Sexology and Couples Therapy<\/h3><\/div> <!-- header --><div class=\"aio-icon-description ult-responsive\"  data-ultimate-target='#Info-box-wrap-1831 .aio-icon-description'  data-responsive-json-new='{\"font-size\":\"\",\"line-height\":\"\"}'  style=\"\"><\/p>\n<p class=\"p1\"><em>\u201cAffective-sexual education and relational intelligence make us free, capable of connecting, enjoying, and empower us to care for our bonds.\u201d<\/em><\/p>\n<p class=\"p3\">Sexual problems are multifactorial. In some cases, cultural and social influences, the desire to prove oneself, or low self-esteem lie behind these issues.<\/p>\n<p class=\"p3\">Sex therapy is both informational and educational, as many people are misinformed or hold false beliefs about sex that cause anxiety. Anxiety and fear can manifest as dysfunctions. Additionally, personal experiences shape how individuals learn to express affection and sexuality.<\/p>\n<p class=\"p3\">Emotional, structural, and unconscious aspects often lie behind the symptoms.<\/p>\n<p class=\"p3\">Couples therapy focuses on improving the functioning of the romantic bond or facilitating the separation of a couple.<\/p>\n<p class=\"p3\">Psychology offers couples various techniques to facilitate communication, relearn how to understand each other, eliminate bad habits, and update the attitudes and philosophies behind the concept of love.<\/p>\n<p class=\"p3\">Couples therapy helps people reorganize, communicate with respect, and leave behind past conflicts. It takes the pulse of the relationship to discern what is negotiable and what isn\u2019t.<\/p>\n<p class=\"p3\">Couples therapy puts on the table each person\u2019s values, what matters most to them, and their life philosophy.<\/p>\n<p class=\"p3\"><b>What is Sexology and Couples Therapy for?<\/b><\/p>\n<ul>\n<li class=\"p4\">Decreased or lack of desire<\/li>\n<li class=\"p4\">Erectile dysfunction<\/li>\n<li class=\"p4\">Premature ejaculation and problems related to fast sexual responses<\/li>\n<li class=\"p4\">Absence or difficulty in reaching orgasm (Anorgasmia and delayed ejaculation)<\/li>\n<li class=\"p4\">Pain during penetration<\/li>\n<li class=\"p4\">Sexual addictions, fetishes, and other psychological-sexual issues<\/li>\n<li class=\"p4\">Sexual abuse or aggression<\/li>\n<li class=\"p4\">Gender dysphoria<\/li>\n<li class=\"p4\">Paraphilias<\/li>\n<li class=\"p4\">Fear or aversion to sex<\/li>\n<\/ul>\n<p><\/div> <!-- description --><\/div> <!-- aio-ibd-block --><\/div> <!-- aio-icon-box --><\/div> <!-- aio-icon-component -->[\/vc_column_inner][\/vc_row_inner][\/vc_column][\/vc_row][vc_row type=&#8221;vc_default&#8221; full_width=&#8221;stretch_row_content_no_spaces&#8221; equal_height=&#8221;yes&#8221;][vc_column][\/vc_column][\/vc_row][vc_row type=&#8221;vc_default&#8221; full_width=&#8221;stretch_row&#8221; bg_type=&#8221;bg_color&#8221; bg_color_value=&#8221;#008574&#8243;][vc_column]<div id=\"ultib3-23887969336a04b64a5b157\" class=\" vc_custom_1739546440081 ultb3-box ult-adjust-bottom-margin  \" style=\"background-color: #008574;\"><div id=\"Info-banner-wrap3255\" class=\"ultb3-info ib3-info-center\" data-animation=\"fadeIn\" data-animation-delay=\"03\"><div class=\"ultb3-title ult-responsive\"  data-ultimate-target='#Info-banner-wrap3255 .ultb3-title'  data-responsive-json-new='{\"font-size\":\"desktop:20px;\",\"line-height\":\"\"}'  style=\"font-family:Montserrat;font-weight:normal;color:#ffffff;\">Our aim is to provide a treatment tailored to each individual in order to achieve our primary objective<\/div><div class=\"ultb3-desc ult-responsive\"  data-ultimate-target='#Info-banner-wrap3255 .ultb3-desc'  data-responsive-json-new='{\"font-size\":\"desktop:40px;\",\"line-height\":\"desktop:70px;\"}'  style=\"font-family:Montserrat;font-weight:bold;color:#ffffff;\">IMPROVING YOUR HEALTH!<\/div><a href=\"https:\/\/www.corporezaragoza.com\/contacto\/\"  class=\"ultb3-btn ult-responsive\"  data-ultimate-target='#Info-banner-wrap3255 .ultb3-btn'  data-responsive-json-new='{\"font-size\":\"\",\"line-height\":\"\"}'  style=\"font-weight:normal;\">Make an appointment<i class=\"Defaults-angle-right\"><\/i><\/a><\/div><\/div><style>\r\n\t\t\t\t\t#ultib3-23887969336a04b64a5b157 {\r\n\t\t\t\t\t\tmin-height:50px;\r\n\t\t\t\t\t}\r\n\t\t\t\t\t#ultib3-23887969336a04b64a5b157 img.ultb3-img {\r\n\t\t\t\t\t\theight: px;\r\n\t\t\t\t\t}\r\n\t\t\t\t\t#ultib3-23887969336a04b64a5b157 .ultb3-btn {\r\n\t\t\t\t\t\tborder:2px solid #ffffff;border-radius:50px;color:#ffffff;\r\n\t\t\t\t\t}\r\n\t\t\t\t\t#ultib3-23887969336a04b64a5b157 .ultb3-btn:hover {\r\n\t\t\t\t\t\tbackground:#ffffff;color:#000000;\r\n\t\t\t\t\t}\r\n\t\t\t\t<\/style>[\/vc_column][\/vc_row]<\/p>\n<\/div>","protected":false},"excerpt":{"rendered":"<p>[vc_row type=&#8221;vc_default&#8221; full_width=&#8221;stretch_row_content&#8221; equal_height=&#8221;yes&#8221;][vc_column width=&#8221;1\/2&#8243; css=&#8221;.vc_custom_1514205036335{padding-top: 10% !important;padding-right: 5% !important;padding-bottom: 15% !important;padding-left: 15% !important;}&#8221;][vc_column_text css=&#8221;&#8221; el_class=&#8221;h1&#8243;] Psichology [\/vc_column_text][vc_column_text css=&#8221;.vc_custom_1739546109790{padding-top: 40px !important;padding-right: 40px !important;padding-bottom: 40px !important;}&#8221;] The psychology service offers a space for understanding, a place to get to know oneself better and understand what is happening. It provides guidance to navigate such an uncertain, intangible&hellip;<\/p>\n","protected":false},"author":1,"featured_media":0,"parent":0,"menu_order":0,"comment_status":"closed","ping_status":"closed","template":"","meta":{"footnotes":""},"class_list":["post-3758","page","type-page","status-publish","hentry","description-off"],"yoast_head":"<!-- This site is optimized with the Yoast SEO plugin v27.5 - https:\/\/yoast.com\/product\/yoast-seo-wordpress\/ -->\n<title>Psicolog\u00eda - Corpore Zaragoza<\/title>\n<meta name=\"description\" content=\"El servicio de psicolog\u00eda ofrece un espacio de comprensi\u00f3n, un lugar para conocerse mejor y entender qu\u00e9 est\u00e1 pasando. Ofrece una gu\u00eda para adentrarse en un terreno tan incierto, tan poco tangible como son las emociones o la mente. Se busca mejorar el autoconocimiento y un cambio de actitud hacia la vida.\" \/>\n<meta name=\"robots\" content=\"index, follow, max-snippet:-1, max-image-preview:large, max-video-preview:-1\" \/>\n<link rel=\"canonical\" href=\"https:\/\/www.corporezaragoza.com\/en\/psicologia\/\" \/>\n<meta property=\"og:locale\" content=\"en_US\" \/>\n<meta property=\"og:type\" content=\"article\" \/>\n<meta property=\"og:title\" content=\"Psicolog\u00eda - Corpore Zaragoza\" \/>\n<meta property=\"og:description\" content=\"El servicio de psicolog\u00eda ofrece un espacio de comprensi\u00f3n, un lugar para conocerse mejor y entender qu\u00e9 est\u00e1 pasando. Ofrece una gu\u00eda para adentrarse en un terreno tan incierto, tan poco tangible como son las emociones o la mente. Se busca mejorar el autoconocimiento y un cambio de actitud hacia la vida.\" \/>\n<meta property=\"og:url\" content=\"https:\/\/www.corporezaragoza.com\/en\/psicologia\/\" \/>\n<meta property=\"og:site_name\" content=\"Corpore Zaragoza\" \/>\n<meta property=\"article:modified_time\" content=\"2025-02-14T15:23:09+00:00\" \/>\n<meta name=\"twitter:card\" content=\"summary_large_image\" \/>\n<meta name=\"twitter:label1\" content=\"Est. reading time\" \/>\n\t<meta name=\"twitter:data1\" content=\"4 minutes\" \/>\n<script type=\"application\/ld+json\" class=\"yoast-schema-graph\">{\"@context\":\"https:\\\/\\\/schema.org\",\"@graph\":[{\"@type\":\"WebPage\",\"@id\":\"https:\\\/\\\/www.corporezaragoza.com\\\/en\\\/psicologia\\\/\",\"url\":\"https:\\\/\\\/www.corporezaragoza.com\\\/en\\\/psicologia\\\/\",\"name\":\"Psicolog\u00eda - Corpore Zaragoza\",\"isPartOf\":{\"@id\":\"https:\\\/\\\/www.corporezaragoza.com\\\/#website\"},\"datePublished\":\"2017-04-29T10:16:53+00:00\",\"dateModified\":\"2025-02-14T15:23:09+00:00\",\"description\":\"El servicio de psicolog\u00eda ofrece un espacio de comprensi\u00f3n, un lugar para conocerse mejor y entender qu\u00e9 est\u00e1 pasando. Ofrece una gu\u00eda para adentrarse en un terreno tan incierto, tan poco tangible como son las emociones o la mente. Se busca mejorar el autoconocimiento y un cambio de actitud hacia la vida.\",\"breadcrumb\":{\"@id\":\"https:\\\/\\\/www.corporezaragoza.com\\\/en\\\/psicologia\\\/#breadcrumb\"},\"inLanguage\":\"en-US\",\"potentialAction\":[{\"@type\":\"ReadAction\",\"target\":[\"https:\\\/\\\/www.corporezaragoza.com\\\/en\\\/psicologia\\\/\"]}]},{\"@type\":\"BreadcrumbList\",\"@id\":\"https:\\\/\\\/www.corporezaragoza.com\\\/en\\\/psicologia\\\/#breadcrumb\",\"itemListElement\":[{\"@type\":\"ListItem\",\"position\":1,\"name\":\"Portada\",\"item\":\"https:\\\/\\\/www.corporezaragoza.com\\\/en\\\/\"},{\"@type\":\"ListItem\",\"position\":2,\"name\":\"Psychology\"}]},{\"@type\":\"WebSite\",\"@id\":\"https:\\\/\\\/www.corporezaragoza.com\\\/#website\",\"url\":\"https:\\\/\\\/www.corporezaragoza.com\\\/\",\"name\":\"Corpore Zaragoza\",\"description\":\"\",\"potentialAction\":[{\"@type\":\"SearchAction\",\"target\":{\"@type\":\"EntryPoint\",\"urlTemplate\":\"https:\\\/\\\/www.corporezaragoza.com\\\/?s={search_term_string}\"},\"query-input\":{\"@type\":\"PropertyValueSpecification\",\"valueRequired\":true,\"valueName\":\"search_term_string\"}}],\"inLanguage\":\"en-US\"}]}<\/script>\n<!-- \/ Yoast SEO plugin. -->","yoast_head_json":{"title":"Psicolog\u00eda - Corpore Zaragoza","description":"El servicio de psicolog\u00eda ofrece un espacio de comprensi\u00f3n, un lugar para conocerse mejor y entender qu\u00e9 est\u00e1 pasando. Ofrece una gu\u00eda para adentrarse en un terreno tan incierto, tan poco tangible como son las emociones o la mente. Se busca mejorar el autoconocimiento y un cambio de actitud hacia la vida.","robots":{"index":"index","follow":"follow","max-snippet":"max-snippet:-1","max-image-preview":"max-image-preview:large","max-video-preview":"max-video-preview:-1"},"canonical":"https:\/\/www.corporezaragoza.com\/en\/psicologia\/","og_locale":"en_US","og_type":"article","og_title":"Psicolog\u00eda - Corpore Zaragoza","og_description":"El servicio de psicolog\u00eda ofrece un espacio de comprensi\u00f3n, un lugar para conocerse mejor y entender qu\u00e9 est\u00e1 pasando. Ofrece una gu\u00eda para adentrarse en un terreno tan incierto, tan poco tangible como son las emociones o la mente. Se busca mejorar el autoconocimiento y un cambio de actitud hacia la vida.","og_url":"https:\/\/www.corporezaragoza.com\/en\/psicologia\/","og_site_name":"Corpore Zaragoza","article_modified_time":"2025-02-14T15:23:09+00:00","twitter_card":"summary_large_image","twitter_misc":{"Est. reading time":"4 minutes"},"schema":{"@context":"https:\/\/schema.org","@graph":[{"@type":"WebPage","@id":"https:\/\/www.corporezaragoza.com\/en\/psicologia\/","url":"https:\/\/www.corporezaragoza.com\/en\/psicologia\/","name":"Psicolog\u00eda - Corpore Zaragoza","isPartOf":{"@id":"https:\/\/www.corporezaragoza.com\/#website"},"datePublished":"2017-04-29T10:16:53+00:00","dateModified":"2025-02-14T15:23:09+00:00","description":"El servicio de psicolog\u00eda ofrece un espacio de comprensi\u00f3n, un lugar para conocerse mejor y entender qu\u00e9 est\u00e1 pasando. Ofrece una gu\u00eda para adentrarse en un terreno tan incierto, tan poco tangible como son las emociones o la mente. Se busca mejorar el autoconocimiento y un cambio de actitud hacia la vida.","breadcrumb":{"@id":"https:\/\/www.corporezaragoza.com\/en\/psicologia\/#breadcrumb"},"inLanguage":"en-US","potentialAction":[{"@type":"ReadAction","target":["https:\/\/www.corporezaragoza.com\/en\/psicologia\/"]}]},{"@type":"BreadcrumbList","@id":"https:\/\/www.corporezaragoza.com\/en\/psicologia\/#breadcrumb","itemListElement":[{"@type":"ListItem","position":1,"name":"Portada","item":"https:\/\/www.corporezaragoza.com\/en\/"},{"@type":"ListItem","position":2,"name":"Psychology"}]},{"@type":"WebSite","@id":"https:\/\/www.corporezaragoza.com\/#website","url":"https:\/\/www.corporezaragoza.com\/","name":"Corpore Zaragoza","description":"","potentialAction":[{"@type":"SearchAction","target":{"@type":"EntryPoint","urlTemplate":"https:\/\/www.corporezaragoza.com\/?s={search_term_string}"},"query-input":{"@type":"PropertyValueSpecification","valueRequired":true,"valueName":"search_term_string"}}],"inLanguage":"en-US"}]}},"_links":{"self":[{"href":"https:\/\/www.corporezaragoza.com\/en\/wp-json\/wp\/v2\/pages\/3758","targetHints":{"allow":["GET"]}}],"collection":[{"href":"https:\/\/www.corporezaragoza.com\/en\/wp-json\/wp\/v2\/pages"}],"about":[{"href":"https:\/\/www.corporezaragoza.com\/en\/wp-json\/wp\/v2\/types\/page"}],"author":[{"embeddable":true,"href":"https:\/\/www.corporezaragoza.com\/en\/wp-json\/wp\/v2\/users\/1"}],"replies":[{"embeddable":true,"href":"https:\/\/www.corporezaragoza.com\/en\/wp-json\/wp\/v2\/comments?post=3758"}],"version-history":[{"count":3,"href":"https:\/\/www.corporezaragoza.com\/en\/wp-json\/wp\/v2\/pages\/3758\/revisions"}],"predecessor-version":[{"id":4758,"href":"https:\/\/www.corporezaragoza.com\/en\/wp-json\/wp\/v2\/pages\/3758\/revisions\/4758"}],"wp:attachment":[{"href":"https:\/\/www.corporezaragoza.com\/en\/wp-json\/wp\/v2\/media?parent=3758"}],"curies":[{"name":"wp","href":"https:\/\/api.w.org\/{rel}","templated":true}]}}